  {"id":9544,"date":"2018-08-29T17:09:02","date_gmt":"2018-08-29T21:09:02","guid":{"rendered":"https:\/\/www.un.org\/sustainabledevelopment\/fr\/?page_id=9544"},"modified":"2023-09-17T23:34:14","modified_gmt":"2023-09-18T03:34:14","slug":"student-resources","status":"publish","type":"page","link":"https:\/\/www.un.org\/sustainabledevelopment\/fr\/student-resources\/","title":{"rendered":"Ressources pour les \u00e9l\u00e8ves"},"content":{"rendered":"<p><div class=\"fusion-fullwidth fullwidth-box fusion-builder-row-1 nonhundred-percent-fullwidth non-hundred-percent-height-scrolling\" style=\"--awb-border-radius-top-left:0px;--awb-border-radius-top-right:0px;--awb-border-radius-bottom-right:0px;--awb-border-radius-bottom-left:0px;--awb-flex-wrap:wrap;\" ><div class=\"fusion-builder-row fusion-row\"><div class=\"fusion-layout-column fusion_builder_column fusion-builder-column-0 fusion_builder_column_1_1 1_1 fusion-one-full fusion-column-first fusion-column-last\" style=\"--awb-bg-size:cover;\"><div class=\"fusion-column-wrapper fusion-flex-column-wrapper-legacy\"><div class=\"fusion-text fusion-text-1\"><h2>Apprendre le d\u00e9veloppement durable d\u00e8s le plus jeune \u00e2ge<\/h2>\n<p>Les documents disponibles sur cette page s\u2019adressent aussi bien aux adultes qu\u2019aux jeunes et pr\u00e9sentent une fa\u00e7on ludique et engageante d\u2019en apprendre davantage sur les objectifs du d\u00e9veloppement durable et sur ce qui peut \u00eatre fait pour passer \u00e0 l\u2019action afin d\u2019en faire une r\u00e9alit\u00e9. Veuillez les t\u00e9l\u00e9charger et les partager avec vos amis !<\/p>\n<\/div><div class=\"fusion-sep-clear\"><\/div><div class=\"fusion-separator fusion-full-width-sep\" style=\"margin-left: auto;margin-right: auto;width:100%;\"><div class=\"fusion-separator-border sep-single sep-solid\" style=\"--awb-height:20px;--awb-amount:20px;border-color:#00adef;border-top-width:2px;\"><\/div><\/div><div class=\"fusion-sep-clear\"><\/div><div class=\"fusion-clearfix\"><\/div><\/div><\/div><\/div><\/div><div class=\"fusion-fullwidth fullwidth-box fusion-builder-row-2 nonhundred-percent-fullwidth non-hundred-percent-height-scrolling fusion-equal-height-columns\" style=\"--awb-border-radius-top-left:0px;--awb-border-radius-top-right:0px;--awb-border-radius-bottom-right:0px;--awb-border-radius-bottom-left:0px;--awb-flex-wrap:wrap;\" id=\"sr_clm\" ><div class=\"fusion-builder-row fusion-row\"><div class=\"fusion-layout-column fusion_builder_column fusion-builder-column-1 fusion_builder_column_1_2 1_2 fusion-one-half fusion-column-first\" style=\"--awb-bg-size:cover;width:50%;width:calc(50% - ( ( 4% ) * 0.5 ) );margin-right: 4%;\"><div class=\"fusion-column-wrapper fusion-column-has-shadow fusion-flex-column-wrapper-legacy\"><div class=\"fusion-image-element in-legacy-container\" style=\"--awb-max-width:300px;--awb-caption-title-font-family:var(--h2_typography-font-family);--awb-caption-title-font-weight:var(--h2_typography-font-weight);--awb-caption-title-font-style:var(--h2_typography-font-style);--awb-caption-title-size:var(--h2_typography-font-size);--awb-caption-title-transform:var(--h2_typography-text-transform);--awb-caption-title-line-height:var(--h2_typography-line-height);--awb-caption-title-letter-spacing:var(--h2_typography-letter-spacing);\"><span class=\" fusion-imageframe imageframe-none imageframe-1 hover-type-none\" style=\"border:1px solid #000000;border-radius:50%;\"><img decoding=\"async\" width=\"626\" height=\"625\" title=\"FR WEB widget icons-03\" src=\"https:\/\/www.un.org\/sustainabledevelopment\/wp-content\/uploads\/sites\/4\/2020\/06\/FR-WEB-widget-icons-03.png\" data-orig-src=\"https:\/\/www.un.org\/sustainabledevelopment\/wp-content\/uploads\/sites\/4\/2020\/06\/FR-WEB-widget-icons-03.png\" alt class=\"lazyload img-responsive wp-image-16680\" srcset=\"data:image\/svg+xml,%3Csvg%20xmlns%3D%27http%3A%2F%2Fwww.w3.org%2F2000%2Fsvg%27%20width%3D%27626%27%20height%3D%27625%27%20viewBox%3D%270%200%20626%20625%27%3E%3Crect%20width%3D%27626%27%20height%3D%27625%27%20fill-opacity%3D%220%22%2F%3E%3C%2Fsvg%3E\" data-srcset=\"https:\/\/www.un.org\/sustainabledevelopment\/wp-content\/uploads\/sites\/4\/2020\/06\/FR-WEB-widget-icons-03-200x200.png 200w, https:\/\/www.un.org\/sustainabledevelopment\/wp-content\/uploads\/sites\/4\/2020\/06\/FR-WEB-widget-icons-03-400x399.png 400w, https:\/\/www.un.org\/sustainabledevelopment\/wp-content\/uploads\/sites\/4\/2020\/06\/FR-WEB-widget-icons-03-600x599.png 600w, https:\/\/www.un.org\/sustainabledevelopment\/wp-content\/uploads\/sites\/4\/2020\/06\/FR-WEB-widget-icons-03.png 626w\" data-sizes=\"auto\" data-orig-sizes=\"(max-width: 800px) 100vw, 626px\" \/><\/span><\/div><div class=\"fusion-clearfix\"><\/div><\/div><\/div><div class=\"fusion-layout-column fusion_builder_column fusion-builder-column-2 fusion_builder_column_1_2 1_2 fusion-one-half fusion-column-last\" style=\"--awb-bg-size:cover;width:50%;width:calc(50% - ( ( 4% ) * 0.5 ) );\"><div class=\"fusion-column-wrapper fusion-column-has-shadow fusion-flex-column-wrapper-legacy\"><div class=\"fusion-text fusion-text-2\"><h2><a href=\"https:\/\/www.un.org\/sustainabledevelopment\/fr\/climate-action-superheroes\/\">Act Now (Agissons)<\/a><\/h2>\n<p>La campagne ActNow est la campagne phare des Nations Unies visant \u00e0 inspirer l&rsquo;action pour les Objectifs de d\u00e9veloppement durable. Une <a href=\"https:\/\/www.un.org\/sustainabledevelopment\/blog\/2020\/09\/act-now-climate-app\/\">application mobile<\/a> ludique cr\u00e9\u00e9e par AWorld continue d&rsquo;attirer l&rsquo;attention du public dans le monde entier. La version pour enfants d&rsquo;ActNow, intitul\u00e9e \u00ab\u00a0<a href=\"https:\/\/www.un.org\/sustainabledevelopment\/blog\/2020\/11\/un-campaign-empowers-kids-to-take-climate-action-and-protect-the-planet\/\">Les super-h\u00e9ros de l\u2019action pour le climat<\/a>\u00ab\u00a0, a ouvert la campagne aux enfants et \u00e0 leurs parents. La campagne offre des points d&rsquo;entr\u00e9e pour l&rsquo;action individuelle en faveur d&rsquo;une plan\u00e8te saine, d&rsquo;une <a href=\"https:\/\/www.un.org\/fr\/actnow\/ten-actions-economy\">meilleure \u00e9conomie<\/a>, d&rsquo;une <a href=\"https:\/\/www.un.org\/fr\/actnow\/ten-actions-just-society\">soci\u00e9t\u00e9 juste<\/a> et d&rsquo;un <a href=\"https:\/\/www.un.org\/fr\/actnow\/ten-actions-world-working-together\">monde qui travaille ensemble<\/a>.<\/p>\n<\/div><div class=\"fusion-clearfix\"><\/div><\/div><\/div><div class=\"fusion-layout-column fusion_builder_column fusion-builder-column-3 fusion_builder_column_1_1 1_1 fusion-one-full fusion-column-first fusion-column-last fusion-column-no-min-height\" style=\"--awb-bg-size:cover;\"><div class=\"fusion-column-wrapper fusion-flex-column-wrapper-legacy\"><div class=\"fusion-sep-clear\"><\/div><div class=\"fusion-separator fusion-full-width-sep\" style=\"margin-left: auto;margin-right: auto;width:100%;\"><div class=\"fusion-separator-border sep-single sep-solid\" style=\"--awb-height:20px;--awb-amount:20px;border-color:#00adef;border-top-width:2px;\"><\/div><\/div><div class=\"fusion-sep-clear\"><\/div><div class=\"fusion-clearfix\"><\/div><\/div><\/div><div class=\"fusion-layout-column fusion_builder_column fusion-builder-column-4 fusion_builder_column_1_2 1_2 fusion-one-half fusion-column-first\" style=\"--awb-bg-size:cover;width:50%;width:calc(50% - ( ( 4% ) * 0.5 ) );margin-right: 4%;\"><div class=\"fusion-column-wrapper fusion-column-has-shadow fusion-flex-column-wrapper-legacy\"><div class=\"fusion-image-element in-legacy-container\" style=\"--awb-max-width:300px;--awb-caption-title-font-family:var(--h2_typography-font-family);--awb-caption-title-font-weight:var(--h2_typography-font-weight);--awb-caption-title-font-style:var(--h2_typography-font-style);--awb-caption-title-size:var(--h2_typography-font-size);--awb-caption-title-transform:var(--h2_typography-text-transform);--awb-caption-title-line-height:var(--h2_typography-line-height);--awb-caption-title-letter-spacing:var(--h2_typography-letter-spacing);\"><span class=\" fusion-imageframe imageframe-none imageframe-2 hover-type-none\" style=\"border:1px solid #000000;border-radius:50%;\"><img decoding=\"async\" width=\"300\" height=\"300\" title=\"club lecture3-01\" src=\"https:\/\/www.un.org\/sustainabledevelopment\/wp-content\/uploads\/sites\/4\/2020\/02\/club-lecture3-01.jpg\" data-orig-src=\"https:\/\/www.un.org\/sustainabledevelopment\/wp-content\/uploads\/sites\/4\/2020\/02\/club-lecture3-01.jpg\" alt class=\"lazyload img-responsive wp-image-14938\" srcset=\"data:image\/svg+xml,%3Csvg%20xmlns%3D%27http%3A%2F%2Fwww.w3.org%2F2000%2Fsvg%27%20width%3D%27300%27%20height%3D%27300%27%20viewBox%3D%270%200%20300%20300%27%3E%3Crect%20width%3D%27300%27%20height%3D%27300%27%20fill-opacity%3D%220%22%2F%3E%3C%2Fsvg%3E\" data-srcset=\"https:\/\/www.un.org\/sustainabledevelopment\/wp-content\/uploads\/sites\/4\/2020\/02\/club-lecture3-01-200x200.jpg 200w, https:\/\/www.un.org\/sustainabledevelopment\/wp-content\/uploads\/sites\/4\/2020\/02\/club-lecture3-01.jpg 300w\" data-sizes=\"auto\" data-orig-sizes=\"(max-width: 800px) 100vw, 300px\" \/><\/span><\/div><div class=\"fusion-clearfix\"><\/div><\/div><\/div><div class=\"fusion-layout-column fusion_builder_column fusion-builder-column-5 fusion_builder_column_1_2 1_2 fusion-one-half fusion-column-last\" style=\"--awb-bg-size:cover;width:50%;width:calc(50% - ( ( 4% ) * 0.5 ) );\"><div class=\"fusion-column-wrapper fusion-column-has-shadow fusion-flex-column-wrapper-legacy\"><div class=\"fusion-text fusion-text-3\"><h2><a href=\"https:\/\/www.un.org\/sustainabledevelopment\/fr\/sdgbookclub\/\">Le club de lecture des objectifs de d\u00e9veloppement durable<\/a><\/h2>\n<p>Le Club du livre a pour objectif d\u2019utiliser la lecture comme moyen d\u2019encourager les enfants de 6 \u00e0 12 ans \u00e0 interagir avec les principes des Objectifs de d\u00e9veloppement durable (ODD) au moyen d\u2019une liste de lecture de livres du monde entier en rapport avec chacun des 17 objectifs en question, dans les six langues officielles de l\u2019ONU \u2013 anglais, arabe, chinois, espagnol, fran\u00e7ais et russe.<\/p>\n<\/div><div class=\"fusion-clearfix\"><\/div><\/div><\/div><div class=\"fusion-layout-column fusion_builder_column fusion-builder-column-6 fusion_builder_column_1_1 1_1 fusion-one-full fusion-column-first fusion-column-last fusion-column-no-min-height\" style=\"--awb-bg-size:cover;\"><div class=\"fusion-column-wrapper fusion-flex-column-wrapper-legacy\"><div class=\"fusion-sep-clear\"><\/div><div class=\"fusion-separator fusion-full-width-sep\" style=\"margin-left: auto;margin-right: auto;width:100%;\"><div class=\"fusion-separator-border sep-single sep-solid\" style=\"--awb-height:20px;--awb-amount:20px;border-color:#00adef;border-top-width:2px;\"><\/div><\/div><div class=\"fusion-sep-clear\"><\/div><div class=\"fusion-clearfix\"><\/div><\/div><\/div><div class=\"fusion-layout-column fusion_builder_column fusion-builder-column-7 fusion_builder_column_1_2 1_2 fusion-one-half fusion-column-first\" style=\"--awb-bg-size:cover;width:50%;width:calc(50% - ( ( 4% ) * 0.5 ) );margin-right: 4%;\"><div class=\"fusion-column-wrapper fusion-flex-column-wrapper-legacy\"><div class=\"fusion-column-content-centered\"><div class=\"fusion-column-content\"><div class=\"fusion-image-element in-legacy-container\" style=\"--awb-caption-title-font-family:var(--h2_typography-font-family);--awb-caption-title-font-weight:var(--h2_typography-font-weight);--awb-caption-title-font-style:var(--h2_typography-font-style);--awb-caption-title-size:var(--h2_typography-font-size);--awb-caption-title-transform:var(--h2_typography-text-transform);--awb-caption-title-line-height:var(--h2_typography-line-height);--awb-caption-title-letter-spacing:var(--h2_typography-letter-spacing);\"><span class=\" fusion-imageframe imageframe-none imageframe-3 hover-type-none\" style=\"border:1px solid #000000;border-radius:50%;\"><img decoding=\"async\" src=\"data:image\/gif;base64,R0lGODlhAQABAAAAACH5BAEKAAEALAAAAAABAAEAAAICTAEAOw==\" data-orig-src=\"https:\/\/www.un.org\/sustainabledevelopment\/wp-content\/uploads\/2018\/05\/Frieda-cover-300x300.jpg\" alt class=\"lazyload img-responsive\"\/><\/span><\/div><\/div><\/div><div class=\"fusion-clearfix\"><\/div><\/div><\/div><div class=\"fusion-layout-column fusion_builder_column fusion-builder-column-8 fusion_builder_column_1_2 1_2 fusion-one-half fusion-column-last\" style=\"--awb-bg-size:cover;width:50%;width:calc(50% - ( ( 4% ) * 0.5 ) );\"><div class=\"fusion-column-wrapper fusion-flex-column-wrapper-legacy\"><div class=\"fusion-column-content-centered\"><div class=\"fusion-column-content\"><div class=\"fusion-text fusion-text-4\"><h2>Frieda<\/h2>\n<p>Le conte est un outil de communication puissant qui aide les enfants \u00e0 se souvenir des le\u00e7ons et des vertus qu\u2019ils utiliseront dans la vie de tous les jours. L\u2019\u00e9laboration de l\u2019histoire de Frieda est n\u00e9e de l\u2019id\u00e9e de simplifier les le\u00e7ons des objectifs mondiaux afin que les jeunes enfants puissent s\u2019identifier \u2013 et mieux comprendre \u2013 les objectifs de d\u00e9veloppement durable. Suivez le voyage de Frieda chez elle \u00e0 Windhoek, en Namibie \u2013 <a href=\"https:\/\/issuu.com\/unpublications\/docs\/f_frieda_2018\">t\u00e9l\u00e9chargez le conte<\/a> pour en savoir plus sur la protection de la vie sur terre, l\u2019importance de l\u2019eau, l\u2019environnement, et plus encore !<\/p>\n<\/div><\/div><\/div><div class=\"fusion-clearfix\"><\/div><\/div><\/div><div class=\"fusion-layout-column fusion_builder_column fusion-builder-column-9 fusion_builder_column_1_1 1_1 fusion-one-full fusion-column-first fusion-column-last fusion-column-no-min-height\" style=\"--awb-bg-size:cover;\"><div class=\"fusion-column-wrapper fusion-flex-column-wrapper-legacy\"><div class=\"fusion-sep-clear\"><\/div><div class=\"fusion-separator fusion-full-width-sep\" style=\"margin-left: auto;margin-right: auto;width:100%;\"><div class=\"fusion-separator-border sep-single sep-solid\" style=\"--awb-height:20px;--awb-amount:20px;border-color:#00adef;border-top-width:2px;\"><\/div><\/div><div class=\"fusion-sep-clear\"><\/div><div class=\"fusion-clearfix\"><\/div><\/div><\/div><div class=\"fusion-layout-column fusion_builder_column fusion-builder-column-10 fusion_builder_column_1_2 1_2 fusion-one-half fusion-column-first\" style=\"--awb-bg-size:cover;width:50%;width:calc(50% - ( ( 4% ) * 0.5 ) );margin-right: 4%;\"><div class=\"fusion-column-wrapper fusion-flex-column-wrapper-legacy\"><div class=\"fusion-column-content-centered\"><div class=\"fusion-column-content\"><div class=\"fusion-image-element in-legacy-container\" style=\"--awb-caption-title-font-family:var(--h2_typography-font-family);--awb-caption-title-font-weight:var(--h2_typography-font-weight);--awb-caption-title-font-style:var(--h2_typography-font-style);--awb-caption-title-size:var(--h2_typography-font-size);--awb-caption-title-transform:var(--h2_typography-text-transform);--awb-caption-title-line-height:var(--h2_typography-line-height);--awb-caption-title-letter-spacing:var(--h2_typography-letter-spacing);\"><span class=\" fusion-imageframe imageframe-none imageframe-4 hover-type-none\" style=\"border:1px solid #000000;border-radius:50%;\"><img decoding=\"async\" src=\"data:image\/gif;base64,R0lGODlhAQABAAAAACH5BAEKAAEALAAAAAABAAEAAAICTAEAOw==\" data-orig-src=\"https:\/\/www.un.org\/sustainabledevelopment\/wp-content\/uploads\/2018\/05\/170-Actions-300x300.jpg\" alt class=\"lazyload img-responsive\"\/><\/span><\/div><\/div><\/div><div class=\"fusion-clearfix\"><\/div><\/div><\/div><div class=\"fusion-layout-column fusion_builder_column fusion-builder-column-11 fusion_builder_column_1_2 1_2 fusion-one-half fusion-column-last\" style=\"--awb-bg-size:cover;width:50%;width:calc(50% - ( ( 4% ) * 0.5 ) );\"><div class=\"fusion-column-wrapper fusion-flex-column-wrapper-legacy\"><div class=\"fusion-column-content-centered\"><div class=\"fusion-column-content\"><div class=\"fusion-text fusion-text-5\"><h2>170 actions quotidiennes pour transformer notre monde<\/h2>\n<p>Laissez-vous inspirer par <a href=\"https:\/\/drive.google.com\/file\/d\/1fEvDqVZVzXQwdhHlvCAiFldO-KSotdUh\/view\">170 actions quotidiennes pour transformer notre monde<\/a> ! Ce livre contient 10 suggestions quotidiennes pour chaque objectif sur la fa\u00e7on dont vous pouvez faire une diff\u00e9rence dans le monde qui vous entoure. C\u2019est un excellent outil pour les parents, les enseignants et les enfants de tous \u00e2ges.<\/p>\n<\/div><\/div><\/div><div class=\"fusion-clearfix\"><\/div><\/div><\/div><div class=\"fusion-layout-column fusion_builder_column fusion-builder-column-12 fusion_builder_column_1_1 1_1 fusion-one-full fusion-column-first fusion-column-last fusion-column-no-min-height\" style=\"--awb-bg-size:cover;\"><div class=\"fusion-column-wrapper fusion-flex-column-wrapper-legacy\"><div class=\"fusion-sep-clear\"><\/div><div class=\"fusion-separator fusion-full-width-sep\" style=\"margin-left: auto;margin-right: auto;width:100%;\"><div class=\"fusion-separator-border sep-single sep-solid\" style=\"--awb-height:20px;--awb-amount:20px;border-color:#00adef;border-top-width:2px;\"><\/div><\/div><div class=\"fusion-sep-clear\"><\/div><div class=\"fusion-clearfix\"><\/div><\/div><\/div><div class=\"fusion-layout-column fusion_builder_column fusion-builder-column-13 fusion_builder_column_1_2 1_2 fusion-one-half fusion-column-first\" style=\"--awb-bg-size:cover;width:50%;width:calc(50% - ( ( 4% ) * 0.5 ) );margin-right: 4%;\"><div class=\"fusion-column-wrapper fusion-flex-column-wrapper-legacy\"><div class=\"fusion-column-content-centered\"><div class=\"fusion-column-content\"><div class=\"fusion-image-element in-legacy-container\" style=\"--awb-caption-title-font-family:var(--h2_typography-font-family);--awb-caption-title-font-weight:var(--h2_typography-font-weight);--awb-caption-title-font-style:var(--h2_typography-font-style);--awb-caption-title-size:var(--h2_typography-font-size);--awb-caption-title-transform:var(--h2_typography-text-transform);--awb-caption-title-line-height:var(--h2_typography-line-height);--awb-caption-title-letter-spacing:var(--h2_typography-letter-spacing);\"><span class=\" fusion-imageframe imageframe-none imageframe-5 hover-type-none\" style=\"border:1px solid #000000;border-radius:50%;\"><img decoding=\"async\" src=\"data:image\/gif;base64,R0lGODlhAQABAAAAACH5BAEKAAEALAAAAAABAAEAAAICTAEAOw==\" data-orig-src=\"https:\/\/www.un.org\/sustainabledevelopment\/wp-content\/uploads\/2018\/06\/GoGoals-300x300.jpg\" alt class=\"lazyload img-responsive\"\/><\/span><\/div><\/div><\/div><div class=\"fusion-clearfix\"><\/div><\/div><\/div><div class=\"fusion-layout-column fusion_builder_column fusion-builder-column-14 fusion_builder_column_1_2 1_2 fusion-one-half fusion-column-last\" style=\"--awb-bg-size:cover;width:50%;width:calc(50% - ( ( 4% ) * 0.5 ) );\"><div class=\"fusion-column-wrapper fusion-flex-column-wrapper-legacy\"><div class=\"fusion-column-content-centered\"><div class=\"fusion-column-content\"><div class=\"fusion-text fusion-text-6\"><h2>Jeu de soci\u00e9t\u00e9 Objectif plan\u00e8te durable<\/h2>\n<p>Le jeu de soci\u00e9t\u00e9 <a href=\"http:\/\/go-goals.org\/fr\/\">Objectif plan\u00e8re durable<\/a> vise \u00e0 enseigner aux enfants du monde entier les objectifs de d\u00e9veloppement durable d\u2019une mani\u00e8re simple et conviviale. Vous trouverez les questions et les r\u00e9ponses, le plateau de jeu, les d\u00e9s et les r\u00e8gles du jeu en cliquant sur le lien.<\/p>\n<\/div><\/div><\/div><div class=\"fusion-clearfix\"><\/div><\/div><\/div><div class=\"fusion-layout-column fusion_builder_column fusion-builder-column-15 fusion_builder_column_1_1 1_1 fusion-one-full fusion-column-first fusion-column-last fusion-column-no-min-height\" style=\"--awb-bg-size:cover;\"><div class=\"fusion-column-wrapper fusion-flex-column-wrapper-legacy\"><div class=\"fusion-sep-clear\"><\/div><div class=\"fusion-separator fusion-full-width-sep\" style=\"margin-left: auto;margin-right: auto;width:100%;\"><div class=\"fusion-separator-border sep-single sep-solid\" style=\"--awb-height:20px;--awb-amount:20px;border-color:#00adef;border-top-width:2px;\"><\/div><\/div><div class=\"fusion-sep-clear\"><\/div><div class=\"fusion-clearfix\"><\/div><\/div><\/div><div class=\"fusion-layout-column fusion_builder_column fusion-builder-column-16 fusion_builder_column_1_2 1_2 fusion-one-half fusion-column-first\" style=\"--awb-bg-size:cover;width:50%;width:calc(50% - ( ( 4% ) * 0.5 ) );margin-right: 4%;\"><div class=\"fusion-column-wrapper fusion-flex-column-wrapper-legacy\"><div class=\"fusion-image-element in-legacy-container\" style=\"--awb-max-width:600px;--awb-caption-title-font-family:var(--h2_typography-font-family);--awb-caption-title-font-weight:var(--h2_typography-font-weight);--awb-caption-title-font-style:var(--h2_typography-font-style);--awb-caption-title-size:var(--h2_typography-font-size);--awb-caption-title-transform:var(--h2_typography-text-transform);--awb-caption-title-line-height:var(--h2_typography-line-height);--awb-caption-title-letter-spacing:var(--h2_typography-letter-spacing);\"><span class=\" fusion-imageframe imageframe-none imageframe-6 hover-type-none\" style=\"border-radius:50%;\"><img decoding=\"async\" alt=\"YAK book on Sustainable Development Goals\" src=\"data:image\/gif;base64,R0lGODlhAQABAAAAACH5BAEKAAEALAAAAAABAAEAAAICTAEAOw==\" data-orig-src=\"https:\/\/www.un.org\/sustainabledevelopment\/wp-content\/uploads\/2018\/11\/Yak-book-300x300.jpg\" class=\"lazyload img-responsive\"\/><\/span><\/div><div class=\"fusion-clearfix\"><\/div><\/div><\/div><div class=\"fusion-layout-column fusion_builder_column fusion-builder-column-17 fusion_builder_column_1_2 1_2 fusion-one-half fusion-column-last\" style=\"--awb-bg-size:cover;width:50%;width:calc(50% - ( ( 4% ) * 0.5 ) );\"><div class=\"fusion-column-wrapper fusion-flex-column-wrapper-legacy\"><div class=\"fusion-text fusion-text-7\"><h2 class=\"main-long-title\">Les objectifs de d\u00e9veloppement durable : Illustr\u00e9s par Yacine A\u00eft Kaci (YAK)<\/h2>\n<p>Elyx, l&rsquo;ambassadeur num\u00e9rique des Nations Unies, utilise diff\u00e9rentes expressions et actions pour aider \u00e0 d\u00e9montrer la signification de chaque objectif. Cr\u00e9\u00e9 par l&rsquo;artiste fran\u00e7ais YAK, Elyx n&rsquo;a pas de race, de sexe ou de nationalit\u00e9 et repr\u00e9sente un personnage universel qui fait la promotion de l&rsquo;importance du travail des Nations Unies. <a href=\"https:\/\/issuu.com\/unpublications\/docs\/sdg_french_yak\">Parcourez le livre de YAK en ligne<\/a>.<\/p>\n<\/div><div class=\"fusion-clearfix\"><\/div><\/div><\/div><div class=\"fusion-layout-column fusion_builder_column fusion-builder-column-18 fusion_builder_column_1_1 1_1 fusion-one-full fusion-column-first fusion-column-last fusion-column-no-min-height\" style=\"--awb-bg-size:cover;\"><div class=\"fusion-column-wrapper fusion-flex-column-wrapper-legacy\"><div class=\"fusion-sep-clear\"><\/div><div class=\"fusion-separator fusion-full-width-sep\" style=\"margin-left: auto;margin-right: auto;width:100%;\"><div class=\"fusion-separator-border sep-single sep-solid\" style=\"--awb-height:20px;--awb-amount:20px;border-color:#00adef;border-top-width:2px;\"><\/div><\/div><div class=\"fusion-sep-clear\"><\/div><div class=\"fusion-clearfix\"><\/div><\/div><\/div><\/div><\/div><\/p>\n","protected":false},"excerpt":{"rendered":"","protected":false},"author":136,"featured_media":0,"parent":0,"menu_order":0,"comment_status":"closed","ping_status":"closed","template":"","meta":{"_et_pb_use_builder":"","_et_pb_old_content":"","_et_gb_content_width":"","footnotes":""},"class_list":["post-9544","page","type-page","status-publish","hentry"],"_links":{"self":[{"href":"https:\/\/www.un.org\/sustainabledevelopment\/fr\/wp-json\/wp\/v2\/pages\/9544","targetHints":{"allow":["GET"]}}],"collection":[{"href":"https:\/\/www.un.org\/sustainabledevelopment\/fr\/wp-json\/wp\/v2\/pages"}],"about":[{"href":"https:\/\/www.un.org\/sustainabledevelopment\/fr\/wp-json\/wp\/v2\/types\/page"}],"author":[{"embeddable":true,"href":"https:\/\/www.un.org\/sustainabledevelopment\/fr\/wp-json\/wp\/v2\/users\/136"}],"replies":[{"embeddable":true,"href":"https:\/\/www.un.org\/sustainabledevelopment\/fr\/wp-json\/wp\/v2\/comments?post=9544"}],"version-history":[{"count":0,"href":"https:\/\/www.un.org\/sustainabledevelopment\/fr\/wp-json\/wp\/v2\/pages\/9544\/revisions"}],"wp:attachment":[{"href":"https:\/\/www.un.org\/sustainabledevelopment\/fr\/wp-json\/wp\/v2\/media?parent=9544"}],"curies":[{"name":"wp","href":"https:\/\/api.w.org\/{rel}","templated":true}]}}