  {"id":165,"date":"2016-04-26T14:53:43","date_gmt":"2016-04-26T14:53:43","guid":{"rendered":"https:\/\/www.un.org\/unispal\/?page_id=165"},"modified":"2022-08-12T16:12:15","modified_gmt":"2022-08-12T20:12:15","slug":"about-division-palestinian-rights","status":"publish","type":"page","link":"https:\/\/www.un.org\/unispal\/es\/about-division-palestinian-rights\/","title":{"rendered":"La Divisi\u00f3n de los Derechos de los Palestinos"},"content":{"rendered":"<p><div class=\"fusion-fullwidth fullwidth-box fusion-builder-row-1 nonhundred-percent-fullwidth non-hundred-percent-height-scrolling\" style=\"--awb-border-radius-top-left:0px;--awb-border-radius-top-right:0px;--awb-border-radius-bottom-right:0px;--awb-border-radius-bottom-left:0px;--awb-flex-wrap:wrap;\" ><div class=\"fusion-builder-row fusion-row\"><div class=\"fusion-layout-column fusion_builder_column fusion-builder-column-0 fusion_builder_column_1_1 1_1 fusion-one-full fusion-column-first fusion-column-last\" style=\"--awb-bg-size:cover;--awb-margin-bottom:0px;\"><div class=\"fusion-column-wrapper fusion-flex-column-wrapper-legacy\"><div class=\"fusion-text fusion-text-1\"><h1>Divisi\u00f3n de los Derechos de los Palestinos<\/h1>\n<\/div><div class=\"fusion-clearfix\"><\/div><\/div><\/div><\/div><\/div><div class=\"fusion-fullwidth fullwidth-box fusion-builder-row-2 hundred-percent-fullwidth non-hundred-percent-height-scrolling\" style=\"--awb-border-radius-top-left:0px;--awb-border-radius-top-right:0px;--awb-border-radius-bottom-right:0px;--awb-border-radius-bottom-left:0px;--awb-overflow:visible;--awb-flex-wrap:wrap;\" ><div class=\"fusion-builder-row fusion-row\"><div class=\"fusion-layout-column fusion_builder_column fusion-builder-column-1 fusion_builder_column_1_1 1_1 fusion-one-full fusion-column-first fusion-column-last fusion-column-no-min-height\" style=\"--awb-bg-size:cover;--awb-margin-bottom:0px;\"><div class=\"fusion-column-wrapper fusion-flex-column-wrapper-legacy\"><div class=\"fusion-text fusion-text-2\"><div class=\"mceTemp\"><\/div>\n<p><img decoding=\"async\" class=\"size-full wp-image-11289\" src=\"https:\/\/www.un.org\/unispal\/es\/wp-content\/uploads\/sites\/25\/2022\/08\/Secretariat-mirrors.jpg\" alt=\"\" width=\"1199\" height=\"477\" srcset=\"https:\/\/www.un.org\/unispal\/es\/wp-content\/uploads\/sites\/25\/2022\/08\/Secretariat-mirrors-200x80.jpg 200w, https:\/\/www.un.org\/unispal\/es\/wp-content\/uploads\/sites\/25\/2022\/08\/Secretariat-mirrors-300x119.jpg 300w, https:\/\/www.un.org\/unispal\/es\/wp-content\/uploads\/sites\/25\/2022\/08\/Secretariat-mirrors-400x159.jpg 400w, https:\/\/www.un.org\/unispal\/es\/wp-content\/uploads\/sites\/25\/2022\/08\/Secretariat-mirrors-600x239.jpg 600w, https:\/\/www.un.org\/unispal\/es\/wp-content\/uploads\/sites\/25\/2022\/08\/Secretariat-mirrors-768x306.jpg 768w, https:\/\/www.un.org\/unispal\/es\/wp-content\/uploads\/sites\/25\/2022\/08\/Secretariat-mirrors-800x318.jpg 800w, https:\/\/www.un.org\/unispal\/es\/wp-content\/uploads\/sites\/25\/2022\/08\/Secretariat-mirrors-1024x407.jpg 1024w, https:\/\/www.un.org\/unispal\/es\/wp-content\/uploads\/sites\/25\/2022\/08\/Secretariat-mirrors.jpg 1199w\" sizes=\"(max-width: 1199px) 100vw, 1199px\" \/><\/p>\n<p>La Divisi\u00f3n de los Derechos de los Palestinos del Departamento de Asuntos Pol\u00edticos de las Naciones Unidas en Nueva York se ocupa del mantenimiento de este sitio web, en el que se ofrece una perspectiva general de las numerosas entidades de las Naciones Unidas que trabajan en la cuesti\u00f3n de Palestina en todo el mundo, entre ellas el <a href=\"https:\/\/www.un.org\/unispal\/es\/committee\/\">Comit\u00e9 para el Ejercicio de los Derechos Inalienables del Pueblo Palestino<\/a> y otros \u00f3rganos, entidades y organismos de las Naciones Unidas como la <a href=\"https:\/\/www.un.org\/unispal\/es\/data-collection\/general-assembly\/\">Asamblea General<\/a><a href=\"http:\/\/www.un.org\/es\/\">, el <\/a><a href=\"https:\/\/www.un.org\/unispal\/es\/data-collection\/security-council\/\">Consejo de Seguridad<\/a><a href=\"http:\/\/www.un.org\/es\/\">, la Secretar\u00eda y el <\/a><a href=\"https:\/\/www.un.org\/unispal\/es\/data-collection\/the-united-nations-economic-and-social-council\/\">Consejo de Derechos Humanos<\/a><a href=\"http:\/\/www.un.org\/es\/\">.<\/a><\/p>\n<h1><strong>Divisi\u00f3n de los Derechos de los Palestinos<\/strong><\/h1>\n<p>La Divisi\u00f3n de los Derechos de los Palestinos hace las veces de secretar\u00eda del <a href=\"https:\/\/www.un.org\/unispal\/es\/committee\/\">Comit\u00e9 para el Ejercicio de los Derechos Inalienables del Pueblo Palestino<\/a> ejerciendo las siguientes funciones b\u00e1sicas:<\/p>\n<ul>\n<li>Organizar las reuniones del Comit\u00e9 y de su Mesa en la Sede de las Naciones Unidas;<\/li>\n<li>Seguir las novedades pol\u00edticas y de otro tipo que sean pertinentes;<\/li>\n<li>Organizar un programa de <a href=\"https:\/\/www.un.org\/unispal\/es\/events\/international-conferences\/\">reuniones y conferencias internacionales<\/a>;<\/li>\n<li>Gestionar un programa de publicaciones;<\/li>\n<li>Dise\u00f1ar y mantener el <a href=\"https:\/\/www.un.org\/unispal\/es\/data-collection\/\">Sistema de Informaci\u00f3n de las Naciones Unidas sobre la Cuesti\u00f3n de Palestina<\/a> (UNISPAL);<\/li>\n<li>Cooperar con las organizaciones de la sociedad civil que se dedican a este tema;<\/li>\n<li>Organizar la observancia anual del <a href=\"https:\/\/www.un.org\/unispal\/es\/events\/international-day-of-solidarity-with-the-palestinian-people\/\">D\u00eda Internacional de Solidaridad con el Pueblo Palestino<\/a>;<\/li>\n<li>Ofrecer un programa anual de capacitaci\u00f3n en la Sede de las Naciones Unidas y varios talleres sobre desarrollo de la capacidad para personal del Estado de Palestina.<\/li>\n<\/ul>\n<h2><strong>Contexto<\/strong><\/h2>\n<p>Tras el establecimiento del Comit\u00e9 para el ejercicio de los derechos inalienables del pueblo palestino, la Asamblea General reconoci\u00f3 la necesidad de mantener a la opini\u00f3n p\u00fablica en varias partes del mundo informada para que apoyara el logro de esos derechos. En consecuencia, la Asamblea decidi\u00f3 establecer en la Secretar\u00eda de las Naciones Unidas la Dependencia Especial de los Derechos de los Palestinos para ayudar al Comit\u00e9 en su labor (<a href=\"http:\/\/undocs.org\/es\/A\/RES\/32\/40\">resoluci\u00f3n 32\/40 B<\/a> <img decoding=\"async\" style=\"border: none;\" title=\"Documento PDF\" src=\"http:\/\/www.un.org\/common\/images\/icons\/ico_pdf.gif\" alt=\"Documento PDF\" width=\"14\" height=\"14\" \/>, de 2 de diciembre de 1977).<\/p>\n<p>El 12 de diciembre de 1979, la Asamblea modific\u00f3 el nombre de la dependencia, que pas\u00f3 a denominarse Divisi\u00f3n de los Derechos de los Palestinos (<a href=\"http:\/\/undocs.org\/es\/A\/RES\/34\/65\">resoluci\u00f3n 34\/65 D<\/a> <img decoding=\"async\" style=\"border: none;\" title=\"Documento PDF\" src=\"http:\/\/www.un.org\/common\/images\/icons\/ico_pdf.gif\" alt=\"Documento PDF\" width=\"14\" height=\"14\" \/>). La Divisi\u00f3n forma parte del Departamento de Asuntos Pol\u00edticos de la Secretar\u00eda de las Naciones Unidas. Su mandato se ha ido renovando anualmente y se ha ampliado varias veces en el transcurso de los a\u00f1os. El mandato incluye la organizaci\u00f3n de reuniones y conferencias internacionales, actividades de enlace y cooperaci\u00f3n con la sociedad civil y los parlamentarios, la puesta en marcha de un programa de publicaciones, la creaci\u00f3n y el desarrollo de un sistema electr\u00f3nico de informaci\u00f3n denominado Sistema de Informaci\u00f3n de las Naciones Unidas sobre la Cuesti\u00f3n de Palestina (UNISPAL), y la organizaci\u00f3n de un programa anual de capacitaci\u00f3n destinado al personal de la Autoridad Palestina.<\/p>\n<h2><strong>Reuniones y conferencias internacionales<\/strong><\/h2>\n<p>La Divisi\u00f3n de los Derechos de los Palestinos recibi\u00f3 de la Asamblea General el mandato de organizar reuniones y conferencias internacionales en diversas regiones con la participaci\u00f3n de todos los sectores de la comunidad internacional. Estas se celebran con el objeto de fomentar un an\u00e1lisis y un debate constructivos sobre los distintos aspectos de la cuesti\u00f3n de Palestina y de movilizar ayuda y asistencia internacionales para el pueblo palestino.<\/p>\n<p>En los \u00faltimos a\u00f1os, en el programa de reuniones y conferencias internacionales se ha hecho particular hincapi\u00e9 en la promoci\u00f3n del ejercicio de los derechos inalienables del pueblo palestino, el apoyo a la soluci\u00f3n biestatal y el aliento de iniciativas internacionales como la Hoja de Ruta del Cuarteto para reanudar el proceso pol\u00edtico.<\/p>\n<p>Desde 1993 el Comit\u00e9 ha organizado, bien en Europa, bien en Oriente Medio, seminarios anuales sobre la asistencia al pueblo palestino. Estos seminarios se organizan para abordar diversos aspectos de la situaci\u00f3n socioecon\u00f3mica y humanitaria en el territorio palestino ocupado, incluida Jerusal\u00e9n Oriental, y para promover un apoyo amplio de la comunidad internacional a la econom\u00eda y el desarrollo palestinos. \u00daltimamente, estos seminarios se han centrado en la urgencia de hacer llegar socorro humanitario y realizar actividades de reconstrucci\u00f3n en la Franja de Gaza, as\u00ed como en los esfuerzos de construcci\u00f3n del Estado realizados por la Autoridad Palestina.<\/p>\n<p>M\u00e1s informaci\u00f3n sobre las distintas <a href=\"https:\/\/www.un.org\/unispal\/es\/events\/international-conferences\/\">actividades patrocinadas por el Comit\u00e9<\/a>.<\/p>\n<h2><strong>Investigaci\u00f3n, seguimiento, publicaciones y el Sistema de Informaci\u00f3n de las Naciones Unidas sobre la Cuesti\u00f3n de Palestina<\/strong><\/h2>\n<p>A la Divisi\u00f3n se le ha encomendado la tarea de hacer un seguimiento de los acontecimientos relevantes para la cuesti\u00f3n de Palestina. El Comit\u00e9 considera que la recopilaci\u00f3n y difusi\u00f3n de informaci\u00f3n que hace la Divisi\u00f3n revisten especial importancia para su labor de incidencia pol\u00edtica dirigida a aportar una contribuci\u00f3n constructiva al proceso de paz, en apoyo de los esfuerzos internacionales encaminados a lograr un arreglo justo, amplio y duradero- para la cuesti\u00f3n de Palestina.<\/p>\n<p>El programa de publicaciones de la Divisi\u00f3n incluye la preparaci\u00f3n de boletines mensuales sobre las actividades internacionales relacionadas con la cuesti\u00f3n de Palestina, res\u00famenes de prensa cronol\u00f3gicos mensuales, boletines peri\u00f3dicos sobre los acontecimientos relacionados con el proceso de paz en el Oriente Medio, y boletines especiales sobre la celebraci\u00f3n anual del D\u00eda Internacional de Solidaridad con el Pueblo Palestino. A lo largo de los a\u00f1os, la Divisi\u00f3n tambi\u00e9n ha publicado una serie de estudios sobre aspectos jur\u00eddicos, pol\u00edticos y econ\u00f3micos de la cuesti\u00f3n de Palestina.<\/p>\n<p>En respuesta a un mandato formulado en la <a href=\"http:\/\/undocs.org\/es\/A\/RES\/46\/74\">resoluci\u00f3n 46\/74 B<\/a> <img decoding=\"async\" style=\"border: none;\" title=\"Documento PDF\" src=\"http:\/\/www.un.org\/common\/images\/icons\/ico_pdf.gif\" alt=\"Documento PDF\" width=\"14\" height=\"14\" \/> de la Asamblea General, de 11 de diciembre de 1991, y en resoluciones anuales posteriores, la Divisi\u00f3n ha creado el Sistema de Informaci\u00f3n de las Naciones Unidas sobre la Cuesti\u00f3n de Palestina (UNISPAL) a fin de recopilar en formato electr\u00f3nico el texto completo de todos los documentos importantes de las Naciones Unidas relativos a la cuesti\u00f3n de Palestina. Esta recopilaci\u00f3n de documentos, que se actualiza diariamente, se puede consultar en Internet en la direcci\u00f3n <a href=\"http:\/\/unispal.un.org\/\">http:\/\/unispal.un.org<\/a> <img decoding=\"async\" style=\"border: none;\" title=\"Disponible en ingl\u00e9s\" src=\"http:\/\/www.un.org\/common\/images\/icons\/ico_en.gif\" alt=\"Disponible en ingl\u00e9s\" width=\"14\" height=\"14\" \/>. Adem\u00e1s, la Divisi\u00f3n mantiene y sigue desarrollando el sitio web sobre la cuesti\u00f3n de Palestina.<\/p>\n<h2><strong>Programa de capacitaci\u00f3n para el personal de la Autoridad Palestina<\/strong><\/h2>\n<p>Desde 1996, conforme a la petici\u00f3n del Comit\u00e9 y, posteriormente, al mandato de la Asamblea General, la Divisi\u00f3n de los Derechos de los Palestinos organiza un programa anual de capacitaci\u00f3n para el personal de la Autoridad Palestina. El programa se lleva a cabo en la Sede de las Naciones Unidas, en cooperaci\u00f3n con la Misi\u00f3n Permanente de Observaci\u00f3n de Palestina ante las Naciones Unidas, de septiembre a diciembre de cada a\u00f1o, coincidiendo con los per\u00edodos de las sesiones anuales de la Asamblea General. Centrado en la creaci\u00f3n de capacidad, el programa est\u00e1 concebido para ayudar a que el personal de la Autoridad Palestina se familiarice con los distintos aspectos de la labor de las Naciones Unidas y la diplomacia multilateral y adquiera experiencia profesional en este \u00e1mbito.<\/p>\n<p>La Asamblea General, en su <a href=\"http:\/\/undocs.org\/es\/A\/RES\/64\/17\">resoluci\u00f3n 64\/17<\/a> <img decoding=\"async\" style=\"border: none;\" title=\"Documento PDF\" src=\"http:\/\/www.un.org\/common\/images\/icons\/ico_pdf.gif\" alt=\"Documento PDF\" width=\"14\" height=\"14\" \/>, de 2 de diciembre de 2009, pidi\u00f3 que el programa se siguiera desarrollando y mejorando a\u00fan m\u00e1s \u201ccomo contribuci\u00f3n a la labor de creaci\u00f3n de capacidad palestina\u201d. En septiembre de 2010 y 2011, en aplicaci\u00f3n de esa resoluci\u00f3n, la Divisi\u00f3n de los Derechos de los Palestinos organiz\u00f3 programas de capacitaci\u00f3n para el personal de la Autoridad Palestina en la Oficina de las Naciones Unidas en Ginebra, en colaboraci\u00f3n con la Dependencia de Asistencia al Pueblo Palestino de la UNCTAD y auspiciados por ella. La Divisi\u00f3n tambi\u00e9n lleva a cabo otros programas de capacitaci\u00f3n con miras a ayudar a la Autoridad Palestina en la creaci\u00f3n de capacidad.<\/p>\n<h2><strong>D\u00eda Internacional de Solidaridad con el Pueblo Palestino<\/strong><\/h2>\n<p>De conformidad con lo dispuesto en la <a href=\"http:\/\/undocs.org\/es\/A\/RES\/32\/40\">resoluci\u00f3n 32\/40 B<\/a> <img decoding=\"async\" style=\"border: none;\" title=\"Documento PDF\" src=\"http:\/\/www.un.org\/common\/images\/icons\/ico_pdf.gif\" alt=\"Documento PDF\" width=\"14\" height=\"14\" \/> de la Asamblea General, de 2 de diciembre de 1977, cada a\u00f1o se celebra de forma solemne, el 29 de noviembre o en una fecha cercana, el <a href=\"https:\/\/www.un.org\/unispal\/es\/events\/international-day-of-solidarity-with-the-palestinian-people\/\">D\u00eda Internacional de Solidaridad con el Pueblo Palestino<\/a> para conmemorar la aprobaci\u00f3n de la <a href=\"http:\/\/undocs.org\/es\/S\/RES\/181(II)\">resoluci\u00f3n 181 (II)<\/a> <img decoding=\"async\" style=\"border: none;\" title=\"Documento PDF\" src=\"http:\/\/www.un.org\/common\/images\/icons\/ico_pdf.gif\" alt=\"Documento PDF\" width=\"14\" height=\"14\" \/> de la Asamblea General, de 29 de noviembre de 1947, que dispuso la partici\u00f3n de Palestina en dos Estados. Esta jornada se observa en la Sede de las Naciones Unidas y en las Oficinas de las Naciones Unidas de Ginebra y Viena, adem\u00e1s de otros lugares. Se celebran reuniones especiales en las que funcionarios de alto nivel de las Naciones Unidas y de organizaciones intergubernamentales y representantes de la sociedad civil hacen declaraciones sobre la cuesti\u00f3n de Palestina. Tambi\u00e9n hay actos culturales. En otros lugares, los \u00f3rganos gubernamentales y las organizaciones de la sociedad civil organizan diversas actividades en colaboraci\u00f3n con los centros de informaci\u00f3n de las Naciones Unidas de todo el mundo. Tradicionalmente, es tambi\u00e9n el d\u00eda en que la Asamblea General inicia su debate anual sobre la cuesti\u00f3n de Palestina. La Asamblea proclam\u00f3 el a\u00f1o 2014 A\u00f1o Internacional de Solidaridad con el Pueblo Palestino*.<\/p>\n<h2><strong>Actividades de enlace y cooperaci\u00f3n con la sociedad civil y parlamentarios<\/strong><\/h2>\n<p>A partir del programa de cooperaci\u00f3n del Comit\u00e9 con la sociedad civil, que comenz\u00f3 con los preparativos para la Conferencia Internacional sobre la Cuesti\u00f3n de Palestina celebrada en Ginebra en 1983, la Asamblea General encarg\u00f3 a la Divisi\u00f3n que ampliara sus contactos con las organizaciones no gubernamentales y convocara reuniones con ellas en diversas regiones a fin de crear mayor conciencia sobre los hechos relacionados con la cuesti\u00f3n de Palestina, un mandato que se ha renovado cada a\u00f1o. Las organizaciones de la sociedad civil est\u00e1n invitadas a participar en todas las reuniones y conferencias internacionales patrocinadas por el Comit\u00e9.<\/p>\n<p>Mientras que el Comit\u00e9 alienta la cooperaci\u00f3n, la coordinaci\u00f3n y el intercambio de informaci\u00f3n entre las organizaciones de la sociedad civil, la Divisi\u00f3n est\u00e1 en contacto con mecanismos de coordinaci\u00f3n nacionales, regionales e internacionales y celebra consultas peri\u00f3dicas con diversas organizaciones y sus representantes sobre la forma de mejorar la colaboraci\u00f3n. En ocasiones, representantes del Comit\u00e9 o funcionarios de la Divisi\u00f3n participan en actividades organizadas por organizaciones de la sociedad civil.<\/p>\n<p>El Comit\u00e9 otorga tambi\u00e9n gran importancia al desarrollo de sus actividades de enlace y cooperaci\u00f3n con los parlamentos nacionales y regionales y las organizaciones interparlamentarias, destinadas a alentar a los legisladores de todo el mundo a que trabajen con sus gobiernos y con las Naciones Unidas y el Comit\u00e9 por alcanzar la soluci\u00f3n biestatal al conflicto israelo-palestino. Esta colaboraci\u00f3n adopta distintas formas, entre ellas reuniones peri\u00f3dicas de consultas con los representantes de los parlamentos nacionales y las organizaciones interparlamentarias, y la organizaci\u00f3n de actos internacionales conjuntos sobre las cuestiones m\u00e1s apremiantes. En 2013, el Comit\u00e9 reactiv\u00f3 su <a href=\"https:\/\/www.un.org\/unispal\/es\/committee\/working-group\/\">Grupo de Trabajo<\/a> sobre la cooperaci\u00f3n con la sociedad civil.<\/p>\n<\/div><div class=\"fusion-clearfix\"><\/div><\/div><\/div><\/div><\/div><\/p>\n","protected":false},"excerpt":{"rendered":"","protected":false},"author":3,"featured_media":0,"parent":0,"menu_order":0,"comment_status":"closed","ping_status":"closed","template":"","meta":{"footnotes":""},"class_list":["post-165","page","type-page","status-publish","hentry"],"_links":{"self":[{"href":"https:\/\/www.un.org\/unispal\/es\/wp-json\/wp\/v2\/pages\/165","targetHints":{"allow":["GET"]}}],"collection":[{"href":"https:\/\/www.un.org\/unispal\/es\/wp-json\/wp\/v2\/pages"}],"about":[{"href":"https:\/\/www.un.org\/unispal\/es\/wp-json\/wp\/v2\/types\/page"}],"author":[{"embeddable":true,"href":"https:\/\/www.un.org\/unispal\/es\/wp-json\/wp\/v2\/users\/3"}],"replies":[{"embeddable":true,"href":"https:\/\/www.un.org\/unispal\/es\/wp-json\/wp\/v2\/comments?post=165"}],"version-history":[{"count":0,"href":"https:\/\/www.un.org\/unispal\/es\/wp-json\/wp\/v2\/pages\/165\/revisions"}],"wp:attachment":[{"href":"https:\/\/www.un.org\/unispal\/es\/wp-json\/wp\/v2\/media?parent=165"}],"curies":[{"name":"wp","href":"https:\/\/api.w.org\/{rel}","templated":true}]}}