  {"id":6698,"date":"2016-08-02T19:58:14","date_gmt":"2016-08-02T19:58:14","guid":{"rendered":"https:\/\/www.un.org\/unispal\/?page_id=6698"},"modified":"2021-05-25T11:56:37","modified_gmt":"2021-05-25T15:56:37","slug":"international-conferences","status":"publish","type":"page","link":"https:\/\/www.un.org\/unispal\/es\/events\/international-conferences\/","title":{"rendered":"Conferencias internacionales"},"content":{"rendered":"<div class=\"fusion-fullwidth fullwidth-box fusion-builder-row-1 hundred-percent-fullwidth non-hundred-percent-height-scrolling\" style=\"--awb-border-radius-top-left:0px;--awb-border-radius-top-right:0px;--awb-border-radius-bottom-right:0px;--awb-border-radius-bottom-left:0px;--awb-overflow:visible;--awb-flex-wrap:wrap;\" ><div class=\"fusion-builder-row fusion-row\"><div class=\"fusion-layout-column fusion_builder_column fusion-builder-column-0 fusion_builder_column_1_1 1_1 fusion-one-full fusion-column-first fusion-column-last fusion-column-no-min-height\" style=\"--awb-bg-size:cover;--awb-margin-bottom:0px;\"><div class=\"fusion-column-wrapper fusion-flex-column-wrapper-legacy\"><div class=\"fusion-text fusion-text-1\"><p>Con la asistencia de la Divisi\u00f3n de los Derechos de los Palestinos, el Comit\u00e9 para el Ejercicio de los Derechos Inalienables del Pueblo Palestino organiza reuniones y conferencias internacionales en diversas regiones alentando la participaci\u00f3n de todos los sectores de la comunidad internacional. El objetivo es fomentar un an\u00e1lisis y un debate constructivos sobre los distintos aspectos de la cuesti\u00f3n de Palestina y movilizar ayuda y asistencia internacionales para el pueblo palestino.<\/p>\n<p>En los \u00faltimos a\u00f1os, en el programa de <a href=\"https:\/\/www.un.org\/unispal\/events-page\/international-conferences\/\" target=\"_blank\" rel=\"noopener noreferrer\">reuniones y conferencias internacionales<\/a> <img decoding=\"async\" style=\"border: none;\" title=\"Disponible en ingl\u00e9s\" src=\"http:\/\/www.un.org\/common\/images\/icons\/ico_en.gif\" alt=\"Disponible en ingl\u00e9s\" width=\"14\" height=\"14\" \/> se ha hecho particular hincapi\u00e9 en promocionar el ejercicio de los derechos inalienables del pueblo palestino, apoyar el proceso pol\u00edtico y alentar iniciativas internacionales para lograr una soluci\u00f3n pac\u00edfica del conflicto.<\/p>\n<p>Desde 1993 el Comit\u00e9 ha organizado, bien en Europa, bien en el Oriente Medio, seminarios anuales sobre la asistencia al pueblo palestino. Estos seminarios se organizan para abordar diversos aspectos de la situaci\u00f3n socioecon\u00f3mica y humanitaria en el Territorio Palestino Ocupado, incluida Jerusal\u00e9n Oriental, y para promover un apoyo amplio de la comunidad internacional a la econom\u00eda y el desarrollo palestinos.<\/p>\n<p>Para obtener m\u00e1s informaci\u00f3n sobre las distintas actividades pasadas patrocinadas por el Comit\u00e9, v\u00e9ase: <a href=\"https:\/\/www.un.org\/unispal\/events-page\/international-conferences\/\" target=\"_blank\" rel=\"noopener noreferrer\">https:\/\/www.un.org\/unispal\/events-page\/international-conferences\/ <\/a>.<\/p>\n<\/div><div class=\"fusion-clearfix\"><\/div><\/div><\/div><div class=\"fusion-layout-column fusion_builder_column fusion-builder-column-1 fusion_builder_column_1_1 1_1 fusion-one-full fusion-column-first fusion-column-last fusion-column-no-min-height\" style=\"--awb-bg-size:cover;--awb-margin-bottom:0px;\"><div class=\"fusion-column-wrapper fusion-flex-column-wrapper-legacy\"><div class=\"fusion-clearfix\"><\/div><\/div><\/div><div class=\"fusion-layout-column fusion_builder_column fusion-builder-column-2 fusion_builder_column_1_1 1_1 fusion-one-full fusion-column-first fusion-column-last fusion-column-no-min-height\" style=\"--awb-bg-size:cover;--awb-margin-bottom:0px;\"><div class=\"fusion-column-wrapper fusion-flex-column-wrapper-legacy\"><div class=\"fusion-clearfix\"><\/div><\/div><\/div><\/div><\/div>\n","protected":false},"excerpt":{"rendered":"","protected":false},"author":3,"featured_media":0,"parent":171,"menu_order":0,"comment_status":"closed","ping_status":"closed","template":"","meta":{"footnotes":""},"class_list":["post-6698","page","type-page","status-publish","hentry"],"_links":{"self":[{"href":"https:\/\/www.un.org\/unispal\/es\/wp-json\/wp\/v2\/pages\/6698","targetHints":{"allow":["GET"]}}],"collection":[{"href":"https:\/\/www.un.org\/unispal\/es\/wp-json\/wp\/v2\/pages"}],"about":[{"href":"https:\/\/www.un.org\/unispal\/es\/wp-json\/wp\/v2\/types\/page"}],"author":[{"embeddable":true,"href":"https:\/\/www.un.org\/unispal\/es\/wp-json\/wp\/v2\/users\/3"}],"replies":[{"embeddable":true,"href":"https:\/\/www.un.org\/unispal\/es\/wp-json\/wp\/v2\/comments?post=6698"}],"version-history":[{"count":0,"href":"https:\/\/www.un.org\/unispal\/es\/wp-json\/wp\/v2\/pages\/6698\/revisions"}],"up":[{"embeddable":true,"href":"https:\/\/www.un.org\/unispal\/es\/wp-json\/wp\/v2\/pages\/171"}],"wp:attachment":[{"href":"https:\/\/www.un.org\/unispal\/es\/wp-json\/wp\/v2\/media?parent=6698"}],"curies":[{"name":"wp","href":"https:\/\/api.w.org\/{rel}","templated":true}]}}